{"id":20,"date":"2022-07-23T07:18:25","date_gmt":"2022-07-23T07:18:25","guid":{"rendered":"http:\/\/razemw.pl\/?page_id=20"},"modified":"2022-07-24T09:09:20","modified_gmt":"2022-07-24T09:09:20","slug":"wsparcie","status":"publish","type":"page","link":"https:\/\/razemw.pl\/?page_id=20","title":{"rendered":"Wsparcie"},"content":{"rendered":"\n<div class=\"wp-block-group has-palette-color-8-background-color has-background is-layout-flow wp-block-group-is-layout-flow\">\n<p>Mo\u017cesz wesprze\u0107 nasz\u0105 dzia\u0142alno\u015b\u0107 dokonuj\u0105c wp\u0142aty w dowolnej kwocie na rachunek bankowy:<\/p>\n\n\n\n<blockquote class=\"wp-block-quote is-layout-flow wp-block-quote-is-layout-flow\"><p><strong>90 1140 2004 0000 3302 8260 9163<\/strong><\/p><\/blockquote>\n\n\n\n<p>W polu tytu\u0142em koniecznie wpisz &#8222;<strong>Na cele statutowe fundacji Razem w Polsce<\/strong>&#8222;, a b\u0119dziesz m\u00f3g\u0142 odliczy\u0107 swoj\u0105 wp\u0142at\u0119 od dochodu (do 6% jego wysoko\u015bci) w PIT-37.<\/p>\n<\/div>\n","protected":false},"excerpt":{"rendered":"<p>Mo\u017cesz wesprze\u0107 nasz\u0105 dzia\u0142alno\u015b\u0107 dokonuj\u0105c wp\u0142aty w dowolnej kwocie na rachunek bankowy: 90 1140 2004 0000 3302 8260 9163 W polu tytu\u0142em koniecznie wpisz &#8222;Na cele statutowe fundacji Razem w Polsce&#8222;, a b\u0119dziesz m\u00f3g\u0142 odliczy\u0107 swoj\u0105 wp\u0142at\u0119 od dochodu (do 6% jego wysoko\u015bci) w PIT-37.<\/p>\n","protected":false},"author":1,"featured_media":0,"parent":0,"menu_order":0,"comment_status":"closed","ping_status":"closed","template":"","meta":{"footnotes":""},"class_list":["post-20","page","type-page","status-publish","hentry"],"blocksy_meta":{"styles_descriptor":{"styles":{"desktop":"","tablet":"","mobile":""},"google_fonts":[],"version":6}},"_links":{"self":[{"href":"https:\/\/razemw.pl\/index.php?rest_route=\/wp\/v2\/pages\/20","targetHints":{"allow":["GET"]}}],"collection":[{"href":"https:\/\/razemw.pl\/index.php?rest_route=\/wp\/v2\/pages"}],"about":[{"href":"https:\/\/razemw.pl\/index.php?rest_route=\/wp\/v2\/types\/page"}],"author":[{"embeddable":true,"href":"https:\/\/razemw.pl\/index.php?rest_route=\/wp\/v2\/users\/1"}],"replies":[{"embeddable":true,"href":"https:\/\/razemw.pl\/index.php?rest_route=%2Fwp%2Fv2%2Fcomments&post=20"}],"version-history":[{"count":4,"href":"https:\/\/razemw.pl\/index.php?rest_route=\/wp\/v2\/pages\/20\/revisions"}],"predecessor-version":[{"id":353,"href":"https:\/\/razemw.pl\/index.php?rest_route=\/wp\/v2\/pages\/20\/revisions\/353"}],"wp:attachment":[{"href":"https:\/\/razemw.pl\/index.php?rest_route=%2Fwp%2Fv2%2Fmedia&parent=20"}],"curies":[{"name":"wp","href":"https:\/\/api.w.org\/{rel}","templated":true}]}}