{"id":2,"date":"2022-07-22T22:26:26","date_gmt":"2022-07-22T22:26:26","guid":{"rendered":"https:\/\/razemw.pl\/?page_id=2"},"modified":"2024-01-11T18:23:58","modified_gmt":"2024-01-11T17:23:58","slug":"o-nas","status":"publish","type":"page","link":"https:\/\/razemw.pl\/?page_id=2","title":{"rendered":"O nas"},"content":{"rendered":"\n<div class=\"wp-block-media-text alignwide has-media-on-the-right is-stacked-on-mobile has-palette-color-7-background-color has-background\" style=\"padding-top:0;padding-right:var(--wp--preset--spacing--30);padding-bottom:0;padding-left:var(--wp--preset--spacing--30);grid-template-columns:auto 27%\"><div class=\"wp-block-media-text__content\">\n<p><\/p>\n\n\n\n<p>Przeprowadzamy szkoleniowe Rady Pedagogiczne oraz warsztaty na temat nauczania obcokrajowc\u00f3w, podczas kt\u00f3rych przybli\u017camy mi\u0119dzy innymi nast\u0119puj\u0105ce zagadnienia:<\/p>\n\n\n\n<ul class=\"wp-block-list\">\n<li>nauka wymowy i intonacji,<\/li>\n\n\n\n<li>nauczanie gramatyki,<\/li>\n\n\n\n<li>r\u00f3\u017cnice kulturowe,<\/li>\n\n\n\n<li>r\u00f3\u017cnice pomi\u0119dzy polskim a ukrai\u0144skim systemem edukacji,<\/li>\n\n\n\n<li>narz\u0119dzia interaktywne do wykorzystania podczas lekcji,<\/li>\n\n\n\n<li>programy i materia\u0142y,<\/li>\n\n\n\n<li>j\u0119zyk edukacji szkolnej (Metoda JES \u2013 PL),<\/li>\n\n\n\n<li>poziomy j\u0119zykowe.<\/li>\n<\/ul>\n\n\n\n<p>Ponadto prowadzimy kursy metodyczne nauczania j\u0119zyka polskiego jako obcego, w kt\u00f3rych bior\u0105 udzia\u0142 nauczyciele z ca\u0142ej Polski. Podczas naszych paneli przekazujemy specjalistyczn\u0105 wiedz\u0119 z zakresu sprawno\u015bci: s\u0142uchania, m\u00f3wienia, czytania i pisania.<\/p>\n\n\n\n<p>Zach\u0119camy do kontaktu!<\/p>\n\n\n\n<p> <\/p>\n\n\n\n<p><\/p>\n<\/div><figure class=\"wp-block-media-text__media\"><img loading=\"lazy\" decoding=\"async\" width=\"511\" height=\"274\" src=\"https:\/\/razemw.pl\/wp-content\/uploads\/2022\/07\/Logo.jpg\" alt=\"\" class=\"wp-image-11 size-full\" srcset=\"https:\/\/razemw.pl\/wp-content\/uploads\/2022\/07\/Logo.jpg 511w, https:\/\/razemw.pl\/wp-content\/uploads\/2022\/07\/Logo-300x161.jpg 300w\" sizes=\"auto, (max-width: 511px) 100vw, 511px\" \/><\/figure><\/div>\n\n\n\n<div class=\"wp-block-media-text alignwide is-stacked-on-mobile has-palette-color-8-background-color has-background\" style=\"grid-template-columns:27% auto\"><figure class=\"wp-block-media-text__media\"><img loading=\"lazy\" decoding=\"async\" width=\"706\" height=\"1024\" src=\"https:\/\/razemw.pl\/wp-content\/uploads\/2022\/12\/Przyciete_Sesja_biz_221107_47364-706x1024.jpg\" alt=\"\" class=\"wp-image-171 size-full\" srcset=\"https:\/\/razemw.pl\/wp-content\/uploads\/2022\/12\/Przyciete_Sesja_biz_221107_47364-706x1024.jpg 706w, https:\/\/razemw.pl\/wp-content\/uploads\/2022\/12\/Przyciete_Sesja_biz_221107_47364-207x300.jpg 207w, https:\/\/razemw.pl\/wp-content\/uploads\/2022\/12\/Przyciete_Sesja_biz_221107_47364-768x1114.jpg 768w, https:\/\/razemw.pl\/wp-content\/uploads\/2022\/12\/Przyciete_Sesja_biz_221107_47364-1059x1536.jpg 1059w, https:\/\/razemw.pl\/wp-content\/uploads\/2022\/12\/Przyciete_Sesja_biz_221107_47364-1412x2048.jpg 1412w, https:\/\/razemw.pl\/wp-content\/uploads\/2022\/12\/Przyciete_Sesja_biz_221107_47364-scaled.jpg 1765w\" sizes=\"auto, (max-width: 706px) 100vw, 706px\" \/><\/figure><div class=\"wp-block-media-text__content\">\n<p><strong>Agnieszka Litwa Koz\u0142owska<\/strong>&nbsp;\u2013 prezes Fundacji Razem w Polsce, magister filologii polskiej, nauczyciel dyplomowany. Uko\u0144czy\u0142am studia podyplomowe z zakresu historii oraz z nauczania j\u0119zyka polskiego jako obcego. Od 2010 roku pracuj\u0119 z obcokrajowcami s\u0142owia\u0144skimi i pochodz\u0105cymi spoza Europy. Jestem wsp\u00f3\u0142autork\u0105 publikacji dla uczni\u00f3w obcoj\u0119zycznych \u201eLektury pe\u0142ne kultury\u201d w ramach zadania publicznego Ministerstwa Edukacji I Nauki: \u201cWspieranie Inicjatyw Edukacyjnych w Szkolnym \u015arodowisku Wielokulturowym\u201d w 2021 nr MEiN\/2021\/DPI\/1303. Jako lektorka kurs\u00f3w dla dzieci i m\u0142odzie\u017cy do\u015bwiadczaj\u0105cej migracji wsp\u00f3\u0142pracowa\u0142am z Centrum Wspierania Imigrant\u00f3w i Imigrantek w Gda\u0144sku. Prowadz\u0119 kursy dla nauczycieli w O\u015brodku Rozwoju Edukacji w Warszawie. Jestem liderk\u0105 gda\u0144skiego projektu doskonalenia nauczycieli Kreatywna Pedagogika, w kt\u00f3rej przybli\u017cam metody nauczania dzieci z do\u015bwiadczeniem migracyjnym. Egzaminuj\u0119 podczas pa\u0144stwowych egzamin\u00f3w certyfikatowych z j\u0119zyka polskiego na Uniwersytecie Gda\u0144skim. Wsp\u00f3\u0142pracuj\u0119 z gda\u0144skim i \u0142om\u017cy\u0144skim Centrum Edukacji Nauczycieli. Jestem trenerk\u0105 kurs\u00f3w metodycznych w projektach organizowanych przez Pomorski Urz\u0105d Marsza\u0142kowski \u201cPomorska szko\u0142a w\u0142\u0105czaj\u0105ca uczni\u00f3w z do\u015bwiadczeniem migracji\u201d. Ponadto posiadam uprawnienia oligofrenopedagogiczne. Glottodydaktyka i neurodydaktyka to moja pasja.<\/p>\n<\/div><\/div>\n","protected":false},"excerpt":{"rendered":"<p>Agnieszka Litwa Koz\u0142owska&nbsp;\u2013 prezes Fundacji Razem w Polsce, magister filologii polskiej, nauczyciel dyplomowany. Uko\u0144czy\u0142am studia podyplomowe z zakresu historii oraz z nauczania j\u0119zyka polskiego jako obcego. Od 2010 roku pracuj\u0119 z obcokrajowcami s\u0142owia\u0144skimi i pochodz\u0105cymi spoza Europy. Jestem wsp\u00f3\u0142autork\u0105 publikacji dla uczni\u00f3w obcoj\u0119zycznych \u201eLektury pe\u0142ne kultury\u201d w ramach zadania publicznego Ministerstwa Edukacji I Nauki: \u201cWspieranie [&hellip;]<\/p>\n","protected":false},"author":1,"featured_media":0,"parent":0,"menu_order":0,"comment_status":"closed","ping_status":"closed","template":"","meta":{"footnotes":""},"class_list":["post-2","page","type-page","status-publish","hentry"],"blocksy_meta":{"styles_descriptor":{"styles":{"desktop":"","tablet":"","mobile":""},"google_fonts":[],"version":6}},"_links":{"self":[{"href":"https:\/\/razemw.pl\/index.php?rest_route=\/wp\/v2\/pages\/2","targetHints":{"allow":["GET"]}}],"collection":[{"href":"https:\/\/razemw.pl\/index.php?rest_route=\/wp\/v2\/pages"}],"about":[{"href":"https:\/\/razemw.pl\/index.php?rest_route=\/wp\/v2\/types\/page"}],"author":[{"embeddable":true,"href":"https:\/\/razemw.pl\/index.php?rest_route=\/wp\/v2\/users\/1"}],"replies":[{"embeddable":true,"href":"https:\/\/razemw.pl\/index.php?rest_route=%2Fwp%2Fv2%2Fcomments&post=2"}],"version-history":[{"count":23,"href":"https:\/\/razemw.pl\/index.php?rest_route=\/wp\/v2\/pages\/2\/revisions"}],"predecessor-version":[{"id":339,"href":"https:\/\/razemw.pl\/index.php?rest_route=\/wp\/v2\/pages\/2\/revisions\/339"}],"wp:attachment":[{"href":"https:\/\/razemw.pl\/index.php?rest_route=%2Fwp%2Fv2%2Fmedia&parent=2"}],"curies":[{"name":"wp","href":"https:\/\/api.w.org\/{rel}","templated":true}]}}